{"id":133,"date":"2022-05-30T12:19:08","date_gmt":"2022-05-30T10:19:08","guid":{"rendered":"http:\/\/rck.bplaced.net\/?page_id=133"},"modified":"2022-09-08T20:48:12","modified_gmt":"2022-09-08T18:48:12","slug":"schulberatung","status":"publish","type":"page","link":"https:\/\/rueckert-mittelschule.de\/?page_id=133","title":{"rendered":"Schulberatung"},"content":{"rendered":"\n<figure class=\"wp-block-image alignright size-large is-resized\"><img loading=\"lazy\" decoding=\"async\" src=\"https:\/\/rueckert-mittelschule.de\/wp-content\/uploads\/2022\/09\/pschirrer-1024x769.jpg\" alt=\"\" class=\"wp-image-147\" width=\"372\" height=\"278\" srcset=\"https:\/\/rueckert-mittelschule.de\/wp-content\/uploads\/2022\/09\/pschirrer-1024x769.jpg 1024w, https:\/\/rueckert-mittelschule.de\/wp-content\/uploads\/2022\/09\/pschirrer-300x225.jpg 300w, https:\/\/rueckert-mittelschule.de\/wp-content\/uploads\/2022\/09\/pschirrer-768x577.jpg 768w, https:\/\/rueckert-mittelschule.de\/wp-content\/uploads\/2022\/09\/pschirrer-1536x1153.jpg 1536w, https:\/\/rueckert-mittelschule.de\/wp-content\/uploads\/2022\/09\/pschirrer-2048x1538.jpg 2048w, https:\/\/rueckert-mittelschule.de\/wp-content\/uploads\/2022\/09\/pschirrer-2000x1502.jpg 2000w\" sizes=\"auto, (max-width: 372px) 100vw, 372px\" \/><figcaption>Anja Pschirrer<\/figcaption><\/figure>\n\n\n\n<p>Liebe Eltern, liebe Erziehungsberechtigte, &nbsp;&nbsp;&nbsp;&nbsp;&nbsp;&nbsp;&nbsp;&nbsp;&nbsp;&nbsp;&nbsp;&nbsp;&nbsp;&nbsp;&nbsp;&nbsp;&nbsp;&nbsp;&nbsp;&nbsp;&nbsp;&nbsp;&nbsp;&nbsp;&nbsp;&nbsp;&nbsp;&nbsp;&nbsp;&nbsp;&nbsp;&nbsp;&nbsp;&nbsp;&nbsp;&nbsp;&nbsp;&nbsp;&nbsp;&nbsp;&nbsp;&nbsp;&nbsp;&nbsp;&nbsp;&nbsp;&nbsp;&nbsp;&nbsp;&nbsp;<strong>&nbsp;<\/strong><\/p>\n\n\n\n<p>mein Name ist Anja Pschirrer und ich bin die Schulpsychologin Ihrer Schule. Ich berate Sch\u00fclerInnen, Eltern und LehrerInnen bei Fragestellungen und Schwierigkeiten rund um folgende Themengebiete:<\/p>\n\n\n\n<ul class=\"wp-block-list\"><li>\u00c4ngste<\/li><li>emotionale Probleme<\/li><li>Hausaufgaben<\/li><li>Hochbegabung<\/li><li>Konzentration<\/li><li>Lernschwierigkeiten<\/li><li>Lese-Rechtschreibprobleme<\/li><li>Mobbing<\/li><li>Verhalten<\/li><li>Schulvermeidung<\/li><li>Schullaufbahn<\/li><li>etc.<\/li><\/ul>\n\n\n\n<p>Ich berate Sie:<\/p>\n\n\n\n<ul class=\"wp-block-list\"><li>auf Grundlage einer schulpsychologischen Diagnostik<\/li><li>anhand l\u00f6sungsorientierter Gespr\u00e4che<\/li><li>gegebenenfalls in Zusammenarbeit mit weiteren Lehrern, \u00c4rzten, Psychologen, sozialp\u00e4dagogischen Fachkr\u00e4ften, Therapeuten, etc.<\/li><\/ul>\n\n\n\n<p>Eine Beratung ist dabei stets&nbsp;<strong>freiwillig, kostenfrei<\/strong>&nbsp;und&nbsp;<strong>unterliegt der Schweigepflicht.<br><\/strong>Schulpsychologen in Bayern sind Psychologen und Lehrer zugleich und haben daher genau Kenntnis des \u201eSystems Schule\u201c.<\/p>\n\n\n\n<p><strong>Telefonische Sprechstunde:&nbsp;<\/strong>Dienstag: 09:00 \u2013 10:00 Uhr und Mittwoch: 13:00 \u2013 14:00 Uhr<\/p>\n\n\n\n<p>Gerne k\u00f6nnen Sie mir auch zu anderen Zeiten eine Nachricht auf dem Anrufbeantworter hinterlassen, ich rufe Sie zur\u00fcck.<\/p>\n\n\n\n<p>Zu erreichen bin ich unter:&nbsp;<a href=\"mailto:Anja.Pschirrer@schulpsychologie.coburg.de\">Anja.Pschirrer@schulpsychologie.coburg.de<\/a><\/p>\n\n\n\n<p>Telefon: 09561\/894050<br>Fax: 09561\/8964050<\/p>\n","protected":false},"excerpt":{"rendered":"<p>Liebe Eltern, liebe Erziehungsberechtigte, &nbsp;&nbsp;&nbsp;&nbsp;&nbsp;&nbsp;&nbsp;&nbsp;&nbsp;&nbsp;&nbsp;&nbsp;&nbsp;&nbsp;&nbsp;&nbsp;&nbsp;&nbsp;&nbsp;&nbsp;&nbsp;&nbsp;&nbsp;&nbsp;&nbsp;&nbsp;&nbsp;&nbsp;&nbsp;&nbsp;&nbsp;&nbsp;&nbsp;&nbsp;&nbsp;&nbsp;&nbsp;&nbsp;&nbsp;&nbsp;&nbsp;&nbsp;&nbsp;&nbsp;&nbsp;&nbsp;&nbsp;&nbsp;&nbsp;&nbsp;&nbsp; mein Name ist Anja Pschirrer und ich bin die Schulpsychologin Ihrer Schule. Ich berate Sch\u00fclerInnen, Eltern und LehrerInnen bei Fragestellungen und Schwierigkeiten rund um folgende Themengebiete: \u00c4ngste emotionale Probleme Hausaufgaben Hochbegabung Konzentration Lernschwierigkeiten Lese-Rechtschreibprobleme Mobbing Verhalten Schulvermeidung Schullaufbahn etc. Ich berate Sie: auf Grundlage einer schulpsychologischen Diagnostik anhand l\u00f6sungsorientierter Gespr\u00e4che &hellip; <\/p>\n<p class=\"link-more\"><a href=\"https:\/\/rueckert-mittelschule.de\/?page_id=133\" class=\"more-link\">Mehr <span class=\"screen-reader-text\">\u00fcber &#8222;Schulberatung&#8220; <\/span>Lesen<\/a><\/p>\n","protected":false},"author":1,"featured_media":121,"parent":0,"menu_order":0,"comment_status":"closed","ping_status":"closed","template":"","meta":{"footnotes":""},"class_list":["post-133","page","type-page","status-publish","has-post-thumbnail","hentry"],"_links":{"self":[{"href":"https:\/\/rueckert-mittelschule.de\/index.php?rest_route=\/wp\/v2\/pages\/133","targetHints":{"allow":["GET"]}}],"collection":[{"href":"https:\/\/rueckert-mittelschule.de\/index.php?rest_route=\/wp\/v2\/pages"}],"about":[{"href":"https:\/\/rueckert-mittelschule.de\/index.php?rest_route=\/wp\/v2\/types\/page"}],"author":[{"embeddable":true,"href":"https:\/\/rueckert-mittelschule.de\/index.php?rest_route=\/wp\/v2\/users\/1"}],"replies":[{"embeddable":true,"href":"https:\/\/rueckert-mittelschule.de\/index.php?rest_route=%2Fwp%2Fv2%2Fcomments&post=133"}],"version-history":[{"count":4,"href":"https:\/\/rueckert-mittelschule.de\/index.php?rest_route=\/wp\/v2\/pages\/133\/revisions"}],"predecessor-version":[{"id":171,"href":"https:\/\/rueckert-mittelschule.de\/index.php?rest_route=\/wp\/v2\/pages\/133\/revisions\/171"}],"wp:featuredmedia":[{"embeddable":true,"href":"https:\/\/rueckert-mittelschule.de\/index.php?rest_route=\/wp\/v2\/media\/121"}],"wp:attachment":[{"href":"https:\/\/rueckert-mittelschule.de\/index.php?rest_route=%2Fwp%2Fv2%2Fmedia&parent=133"}],"curies":[{"name":"wp","href":"https:\/\/api.w.org\/{rel}","templated":true}]}}