{"id":10,"date":"2022-05-25T20:59:45","date_gmt":"2022-05-25T18:59:45","guid":{"rendered":"http:\/\/rck.bplaced.net\/?page_id=10"},"modified":"2022-09-08T20:54:24","modified_gmt":"2022-09-08T18:54:24","slug":"blog","status":"publish","type":"page","link":"https:\/\/rueckert-mittelschule.de\/?page_id=10","title":{"rendered":"Aktuelles"},"content":{"rendered":"<ul class=\"wp-block-latest-posts__list wp-block-latest-posts\"><li><a class=\"wp-block-latest-posts__post-title\" href=\"https:\/\/rueckert-mittelschule.de\/?p=1151\">Azubis\u00e4ule<\/a><\/li>\n<li><a class=\"wp-block-latest-posts__post-title\" href=\"https:\/\/rueckert-mittelschule.de\/?p=1144\">Ostergr\u00fc\u00dfe und Genuss am Fr\u00fchst\u00fcckstisch<\/a><\/li>\n<li><a class=\"wp-block-latest-posts__post-title\" href=\"https:\/\/rueckert-mittelschule.de\/?p=1126\">U18-Wahl zu den Kommunalwahlen 2026<\/a><\/li>\n<li><a class=\"wp-block-latest-posts__post-title\" href=\"https:\/\/rueckert-mittelschule.de\/?p=1123\">Infoabend M-Zug am 25.02.2026<\/a><\/li>\n<li><a class=\"wp-block-latest-posts__post-title\" href=\"https:\/\/rueckert-mittelschule.de\/?p=1088\">ReTHINK-MINDprevention<\/a><\/li>\n<\/ul>","protected":false},"excerpt":{"rendered":"","protected":false},"author":1,"featured_media":121,"parent":0,"menu_order":0,"comment_status":"closed","ping_status":"closed","template":"","meta":{"footnotes":""},"class_list":["post-10","page","type-page","status-publish","has-post-thumbnail","hentry"],"_links":{"self":[{"href":"https:\/\/rueckert-mittelschule.de\/index.php?rest_route=\/wp\/v2\/pages\/10","targetHints":{"allow":["GET"]}}],"collection":[{"href":"https:\/\/rueckert-mittelschule.de\/index.php?rest_route=\/wp\/v2\/pages"}],"about":[{"href":"https:\/\/rueckert-mittelschule.de\/index.php?rest_route=\/wp\/v2\/types\/page"}],"author":[{"embeddable":true,"href":"https:\/\/rueckert-mittelschule.de\/index.php?rest_route=\/wp\/v2\/users\/1"}],"replies":[{"embeddable":true,"href":"https:\/\/rueckert-mittelschule.de\/index.php?rest_route=%2Fwp%2Fv2%2Fcomments&post=10"}],"version-history":[{"count":7,"href":"https:\/\/rueckert-mittelschule.de\/index.php?rest_route=\/wp\/v2\/pages\/10\/revisions"}],"predecessor-version":[{"id":174,"href":"https:\/\/rueckert-mittelschule.de\/index.php?rest_route=\/wp\/v2\/pages\/10\/revisions\/174"}],"wp:featuredmedia":[{"embeddable":true,"href":"https:\/\/rueckert-mittelschule.de\/index.php?rest_route=\/wp\/v2\/media\/121"}],"wp:attachment":[{"href":"https:\/\/rueckert-mittelschule.de\/index.php?rest_route=%2Fwp%2Fv2%2Fmedia&parent=10"}],"curies":[{"name":"wp","href":"https:\/\/api.w.org\/{rel}","templated":true}]}}